{"id":335,"date":"2023-11-11T15:24:53","date_gmt":"2023-11-11T14:24:53","guid":{"rendered":"https:\/\/floracopoly.fr\/?page_id=335"},"modified":"2026-01-18T12:58:49","modified_gmt":"2026-01-18T11:58:49","slug":"benevolat","status":"publish","type":"page","link":"https:\/\/floracopoly.fr\/index.php\/benevolat\/","title":{"rendered":"B\u00e9n\u00e9volat"},"content":{"rendered":"\t\t<div data-elementor-type=\"wp-page\" data-elementor-id=\"335\" class=\"elementor elementor-335\">\n\t\t\t\t<div class=\"elementor-element elementor-element-72586232 e-flex e-con-boxed e-con e-parent\" data-id=\"72586232\" data-element_type=\"container\" data-e-type=\"container\">\n\t\t\t\t\t<div class=\"e-con-inner\">\n\t\t\t\t<div class=\"elementor-element elementor-element-e59e302 elementor-widget elementor-widget-heading\" data-id=\"e59e302\" data-element_type=\"widget\" data-e-type=\"widget\" data-widget_type=\"heading.default\">\n\t\t\t\t<div class=\"elementor-widget-container\">\n\t\t\t\t\t<h1 class=\"elementor-heading-title elementor-size-default\">Le b\u00e9n\u00e9volat \u00e0 Floracopoly<\/h1>\t\t\t\t<\/div>\n\t\t\t\t<\/div>\n\t\t\t\t<div class=\"elementor-element elementor-element-e63d4c0 elementor-widget elementor-widget-text-editor\" data-id=\"e63d4c0\" data-element_type=\"widget\" data-e-type=\"widget\" data-widget_type=\"text-editor.default\">\n\t\t\t\t<div class=\"elementor-widget-container\">\n\t\t\t\t\t\t\t\t\t<p><strong>Tu as toujours eu envie de participer \u00e0 une aventure en tant que b\u00e9n\u00e9vole sans jamais oser sauter le pas ? Nous t&rsquo;invitons \u00e0 rejoindre l\u2019\u00e9quipe en participant \u00e0 l&rsquo;\u00e9dition 2026<\/strong> !<\/p>\n<p><!-- \/wp:paragraph --><\/p>\n<p><!-- wp:paragraph --><\/p>\n<p>Floracopoly n&rsquo;existe que gr\u00e2ce \u00e0 l&rsquo;aide de chacun, en donnant un peu de son temps pour la pr\u00e9paration avant l&rsquo;\u00e9v\u00e9nement ou sur des cr\u00e9neaux pendant le festival.<\/p>\n<p>Si vous d\u00e9sirez nous aider en tant que petites mains avant, pendant ou apr\u00e8s le festival, vous pouvez d&rsquo;ores et d\u00e9j\u00e0 <a href=\"https:\/\/docs.google.com\/spreadsheets\/d\/1vJ2xmB2_4K7pbUmC5rlnwFZUaKDz-0vqYSDTf3pY4wA\/edit?gid=0#gid=0\" target=\"_blank\" rel=\"noopener\">vous inscrire dans les diff\u00e9rents cr\u00e9neaux ici m\u00eame<\/a> :<\/p>\n<p><!-- \/wp:paragraph --><\/p>\n<p><!-- wp:paragraph --><\/p>\n<p><!-- \/wp:paragraph --><\/p>\n<p><!-- wp:paragraph --><\/p>\n<p><!-- \/wp:paragraph --><\/p>\n<p><!-- wp:paragraph --><\/p>\n<p><!-- \/wp:paragraph --><\/p>\t\t\t\t\t\t\t\t<\/div>\n\t\t\t\t<\/div>\n\t\t\t\t<div class=\"elementor-element elementor-element-0199f06 elementor-align-center elementor-widget elementor-widget-button\" data-id=\"0199f06\" data-element_type=\"widget\" data-e-type=\"widget\" data-widget_type=\"button.default\">\n\t\t\t\t<div class=\"elementor-widget-container\">\n\t\t\t\t\t\t\t\t\t<div class=\"elementor-button-wrapper\">\n\t\t\t\t\t<a class=\"elementor-button elementor-button-link elementor-size-sm\" href=\"https:\/\/docs.google.com\/spreadsheets\/d\/1vJ2xmB2_4K7pbUmC5rlnwFZUaKDz-0vqYSDTf3pY4wA\/edit?gid=0#gid=0\" target=\"_blank\">\n\t\t\t\t\t\t<span class=\"elementor-button-content-wrapper\">\n\t\t\t\t\t\t<span class=\"elementor-button-icon\">\n\t\t\t\t<i aria-hidden=\"true\" class=\"far fa-hand-point-right\"><\/i>\t\t\t<\/span>\n\t\t\t\t\t\t\t\t\t<span class=\"elementor-button-text\">Prenez un ou plusieurs cr\u00e9neaux !<\/span>\n\t\t\t\t\t<\/span>\n\t\t\t\t\t<\/a>\n\t\t\t\t<\/div>\n\t\t\t\t\t\t\t\t<\/div>\n\t\t\t\t<\/div>\n\t\t\t\t<div class=\"elementor-element elementor-element-1e7d34b elementor-widget-divider--separator-type-pattern elementor-widget-divider--view-line elementor-widget elementor-widget-divider\" data-id=\"1e7d34b\" data-element_type=\"widget\" data-e-type=\"widget\" data-widget_type=\"divider.default\">\n\t\t\t\t<div class=\"elementor-widget-container\">\n\t\t\t\t\t\t\t<div class=\"elementor-divider\" style=\"--divider-pattern-url: url(&quot;data:image\/svg+xml,%3Csvg xmlns=&#039;http:\/\/www.w3.org\/2000\/svg&#039; preserveAspectRatio=&#039;none&#039; overflow=&#039;visible&#039; height=&#039;100%&#039; viewBox=&#039;0 0 20 16&#039; fill=&#039;none&#039; stroke=&#039;black&#039; stroke-width=&#039;1&#039; stroke-linecap=&#039;square&#039; stroke-miterlimit=&#039;10&#039;%3E%3Cg transform=&#039;translate(-12.000000, 0)&#039;%3E%3Cpath d=&#039;M28,0L10,18&#039;\/%3E%3Cpath d=&#039;M18,0L0,18&#039;\/%3E%3Cpath d=&#039;M48,0L30,18&#039;\/%3E%3Cpath d=&#039;M38,0L20,18&#039;\/%3E%3C\/g%3E%3C\/svg%3E&quot;);\">\n\t\t\t<span class=\"elementor-divider-separator\">\n\t\t\t\t\t\t<\/span>\n\t\t<\/div>\n\t\t\t\t\t\t<\/div>\n\t\t\t\t<\/div>\n\t\t\t\t<div class=\"elementor-element elementor-element-e1b151d elementor-widget elementor-widget-text-editor\" data-id=\"e1b151d\" data-element_type=\"widget\" data-e-type=\"widget\" data-widget_type=\"text-editor.default\">\n\t\t\t\t<div class=\"elementor-widget-container\">\n\t\t\t\t\t\t\t\t\t<p>Pour les prochaines \u00e9ditions, si vous avez envie de vous impliquer plus en profondeur, nous fonctionnons sous forme de commissions. Si vous vous voulez nous rejoindre dans une ou plusieurs commissions, vous \u00eates le.la bienvenu.e \ud83d\ude09 Il suffit aussi de nous le dire via <a href=\"https:\/\/floracopoly.fr\/index.php\/contact\/\">notre adresse de contact<\/a> et on vous ajoute dans les commissions. Pour info, les commissions sont les suivantes :\u00a0<\/p>\n<ul>\n<li dir=\"ltr\"><b>Coordination :<\/b> coordonner les diff\u00e9rentes commissions, d\u00e9clencher les r\u00e9unions communes, g\u00e9rer les diff\u00e9rents outils<\/li>\n<li dir=\"ltr\"><span id=\"m_-7610424987856414569gmail-docs-internal-guid-9f1c063a-7fff-0ef7-b44b-288b226219e8\"><b>Alimentation : <\/b>D\u00e9finir et organiser le syst\u00e8me de la buvette et du catering, organiser ce qui a \u00e9t\u00e9 d\u00e9cid\u00e9 durant le festival, faire les achats<\/span><\/li>\n<li><span id=\"m_-7610424987856414569gmail-docs-internal-guid-9f1c063a-7fff-0ef7-b44b-288b226219e8\"><b>Logistique :<\/b> D\u00e9finir les besoins logistiques, pr\u00e9parer les diff\u00e9rents lieux du festival, assurer la logistique durant le festival<\/span><\/li>\n<li><b>D\u00e9coration : <\/b>Pr\u00e9parer la d\u00e9coration des salles et de la ville, pr\u00e9parer la signal\u00e9tique en ville et dans les lieux du festival<\/li>\n<li><b>Communication :<\/b> Pr\u00e9parer les supports de communication comme l\u2019affiche et le programme (via canva), alimenter les r\u00e9seaux sociaux (facebook), mettre \u00e0 jour le site internet (wordpress) et faire la relation presse (radio, journaux, etc.)<\/li>\n<li><b>Programmation :<\/b> trouver des animations et organiser leur agencement, contact avec les intervenants et les professionnels du <span id=\"OBJ_PREFIX_DWT661_com_zimbra_date\" class=\"Object\" role=\"link\"><span id=\"OBJ_PREFIX_DWT666_com_zimbra_date\" class=\"Object\" role=\"link\">jeu<\/span><\/span> (\u00e9diteurs, auteurs, etc.), d\u00e9finir les lieux du festival (d\u00e9marcher les associations et institutions voulant participer)<\/li>\n<li><b>Acteurs du festivals : <\/b>organiser le b\u00e9n\u00e9volat avant et pendant le festival (dont d\u00e9finir les r\u00f4les des b\u00e9n\u00e9voles en fonction des besoins des autres commissions), g\u00e9rer les tickets boissons et repas des acteurs du festival, g\u00e9rer les besoins en logements des intervenants<\/li>\n<li><b>Animateurs de jeux :<\/b> organiser les soir\u00e9es jeux des b\u00e9n\u00e9voles (dates, apprendre les r\u00e8gles et animer), choisir et r\u00e9partir les jeux de la biblioth\u00e8que et de la m\u00e9diath\u00e8que d\u00e9partementale propos\u00e9s lors du festival, animer les tables de jeux pendant le festival<\/li>\n<\/ul>\n<p>\u00a0<\/p>\n<p><!-- \/wp:paragraph --><\/p>\n<p><!-- wp:paragraph --><\/p>\n<p><!-- \/wp:paragraph --><\/p>\n<p><!-- wp:paragraph --><\/p>\n<p><!-- \/wp:paragraph --><\/p>\n<p><!-- wp:paragraph --><\/p>\n<p><!-- \/wp:paragraph --><\/p>\t\t\t\t\t\t\t\t<\/div>\n\t\t\t\t<\/div>\n\t\t\t\t<div class=\"elementor-element elementor-element-684099e elementor-widget elementor-widget-image\" data-id=\"684099e\" data-element_type=\"widget\" data-e-type=\"widget\" data-widget_type=\"image.default\">\n\t\t\t\t<div class=\"elementor-widget-container\">\n\t\t\t\t\t\t\t\t\t\t\t\t\t\t\t<img fetchpriority=\"high\" decoding=\"async\" width=\"724\" height=\"1024\" src=\"https:\/\/floracopoly.fr\/wp-content\/uploads\/2025\/10\/affiche-appel-724x1024.webp\" class=\"attachment-large size-large wp-image-1954\" alt=\"\" srcset=\"https:\/\/floracopoly.fr\/wp-content\/uploads\/2025\/10\/affiche-appel-724x1024.webp 724w, https:\/\/floracopoly.fr\/wp-content\/uploads\/2025\/10\/affiche-appel-212x300.webp 212w, https:\/\/floracopoly.fr\/wp-content\/uploads\/2025\/10\/affiche-appel-768x1086.webp 768w, https:\/\/floracopoly.fr\/wp-content\/uploads\/2025\/10\/affiche-appel-1086x1536.webp 1086w, https:\/\/floracopoly.fr\/wp-content\/uploads\/2025\/10\/affiche-appel-1448x2048.webp 1448w, https:\/\/floracopoly.fr\/wp-content\/uploads\/2025\/10\/affiche-appel.webp 1587w\" sizes=\"(max-width: 724px) 100vw, 724px\" \/>\t\t\t\t\t\t\t\t\t\t\t\t\t\t\t<\/div>\n\t\t\t\t<\/div>\n\t\t\t\t\t<\/div>\n\t\t\t\t<\/div>\n\t\t\t\t<\/div>\n\t\t","protected":false},"excerpt":{"rendered":"<p>Le b\u00e9n\u00e9volat \u00e0 Floracopoly Tu as toujours eu envie de participer \u00e0 une aventure en tant que b\u00e9n\u00e9vole sans jamais oser sauter le pas ? Nous t&rsquo;invitons \u00e0 rejoindre l\u2019\u00e9quipe en participant \u00e0 l&rsquo;\u00e9dition 2026 ! Floracopoly n&rsquo;existe que gr\u00e2ce \u00e0 l&rsquo;aide de chacun, en donnant un peu de son temps pour la pr\u00e9paration avant [&hellip;]<\/p>\n","protected":false},"author":2,"featured_media":0,"parent":0,"menu_order":0,"comment_status":"closed","ping_status":"closed","template":"elementor_header_footer","meta":{"footnotes":""},"class_list":["post-335","page","type-page","status-publish","hentry","entry"],"_links":{"self":[{"href":"https:\/\/floracopoly.fr\/index.php\/wp-json\/wp\/v2\/pages\/335","targetHints":{"allow":["GET"]}}],"collection":[{"href":"https:\/\/floracopoly.fr\/index.php\/wp-json\/wp\/v2\/pages"}],"about":[{"href":"https:\/\/floracopoly.fr\/index.php\/wp-json\/wp\/v2\/types\/page"}],"author":[{"embeddable":true,"href":"https:\/\/floracopoly.fr\/index.php\/wp-json\/wp\/v2\/users\/2"}],"replies":[{"embeddable":true,"href":"https:\/\/floracopoly.fr\/index.php\/wp-json\/wp\/v2\/comments?post=335"}],"version-history":[{"count":53,"href":"https:\/\/floracopoly.fr\/index.php\/wp-json\/wp\/v2\/pages\/335\/revisions"}],"predecessor-version":[{"id":3540,"href":"https:\/\/floracopoly.fr\/index.php\/wp-json\/wp\/v2\/pages\/335\/revisions\/3540"}],"wp:attachment":[{"href":"https:\/\/floracopoly.fr\/index.php\/wp-json\/wp\/v2\/media?parent=335"}],"curies":[{"name":"wp","href":"https:\/\/api.w.org\/{rel}","templated":true}]}}