{"id":8,"date":"2023-10-12T09:59:07","date_gmt":"2023-10-12T07:59:07","guid":{"rendered":"https:\/\/floracopoly.fr\/?page_id=8"},"modified":"2026-01-23T22:07:33","modified_gmt":"2026-01-23T21:07:33","slug":"floracopoly","status":"publish","type":"page","link":"https:\/\/floracopoly.fr\/","title":{"rendered":"Floracopoly"},"content":{"rendered":"\t\t<div data-elementor-type=\"wp-page\" data-elementor-id=\"8\" class=\"elementor elementor-8\">\n\t\t\t\t<div class=\"elementor-element elementor-element-b6279d0 e-flex e-con-boxed e-con e-parent\" data-id=\"b6279d0\" data-element_type=\"container\" data-e-type=\"container\">\n\t\t\t\t\t<div class=\"e-con-inner\">\n\t\t\t\t<div class=\"elementor-element elementor-element-4865893 elementor-widget elementor-widget-image\" data-id=\"4865893\" data-element_type=\"widget\" data-e-type=\"widget\" data-widget_type=\"image.default\">\n\t\t\t\t<div class=\"elementor-widget-container\">\n\t\t\t\t\t\t\t\t\t\t\t\t\t\t\t\t<a href=\"https:\/\/floracopoly.fr\/wp-content\/uploads\/2025\/12\/Affiche_Floracopoly_2026-1.webp\" data-elementor-open-lightbox=\"yes\" data-elementor-lightbox-title=\"Affiche du Floracopoly 2026\" data-elementor-lightbox-description=\"Affiche du Floracopoly 2026\" data-e-action-hash=\"#elementor-action%3Aaction%3Dlightbox%26settings%3DeyJpZCI6MjE5MywidXJsIjoiaHR0cHM6XC9cL2Zsb3JhY29wb2x5LmZyXC93cC1jb250ZW50XC91cGxvYWRzXC8yMDI1XC8xMlwvQWZmaWNoZV9GbG9yYWNvcG9seV8yMDI2LTEud2VicCJ9\">\n\t\t\t\t\t\t\t<img fetchpriority=\"high\" decoding=\"async\" width=\"724\" height=\"1024\" src=\"https:\/\/floracopoly.fr\/wp-content\/uploads\/2025\/12\/Affiche_Floracopoly_2026-1-724x1024.webp\" class=\"attachment-large size-large wp-image-2193\" alt=\"\" srcset=\"https:\/\/floracopoly.fr\/wp-content\/uploads\/2025\/12\/Affiche_Floracopoly_2026-1-724x1024.webp 724w, https:\/\/floracopoly.fr\/wp-content\/uploads\/2025\/12\/Affiche_Floracopoly_2026-1-212x300.webp 212w, https:\/\/floracopoly.fr\/wp-content\/uploads\/2025\/12\/Affiche_Floracopoly_2026-1-768x1086.webp 768w, https:\/\/floracopoly.fr\/wp-content\/uploads\/2025\/12\/Affiche_Floracopoly_2026-1-1086x1536.webp 1086w, https:\/\/floracopoly.fr\/wp-content\/uploads\/2025\/12\/Affiche_Floracopoly_2026-1-1448x2048.webp 1448w, https:\/\/floracopoly.fr\/wp-content\/uploads\/2025\/12\/Affiche_Floracopoly_2026-1.webp 1500w\" sizes=\"(max-width: 724px) 100vw, 724px\" \/>\t\t\t\t\t\t\t\t<\/a>\n\t\t\t\t\t\t\t\t\t\t\t\t\t\t\t<\/div>\n\t\t\t\t<\/div>\n\t\t\t\t<div class=\"elementor-element elementor-element-cca52a1 elementor-widget elementor-widget-heading\" data-id=\"cca52a1\" data-element_type=\"widget\" data-e-type=\"widget\" data-widget_type=\"heading.default\">\n\t\t\t\t<div class=\"elementor-widget-container\">\n\t\t\t\t\t<h2 class=\"elementor-heading-title elementor-size-default\">LE FESTIVAL REVIENT DU SAMEDI 31 JANVIER AU DIMANCHE 1er FEVRIER 2026 !! \n<\/h2>\t\t\t\t<\/div>\n\t\t\t\t<\/div>\n\t\t\t\t<div class=\"elementor-element elementor-element-1261da2 elementor-widget elementor-widget-heading\" data-id=\"1261da2\" data-element_type=\"widget\" data-e-type=\"widget\" data-widget_type=\"heading.default\">\n\t\t\t\t<div class=\"elementor-widget-container\">\n\t\t\t\t\t<h2 class=\"elementor-heading-title elementor-size-default\">Si tu veux faire partie de l'\u00e9quipe organisatrice, contacte nous ! Il y a toujours de la place !<\/h2>\t\t\t\t<\/div>\n\t\t\t\t<\/div>\n\t\t\t\t<div class=\"elementor-element elementor-element-11c9418 elementor-widget elementor-widget-heading\" data-id=\"11c9418\" data-element_type=\"widget\" data-e-type=\"widget\" data-widget_type=\"heading.default\">\n\t\t\t\t<div class=\"elementor-widget-container\">\n\t\t\t\t\t<h2 class=\"elementor-heading-title elementor-size-default\">En attendant, l'Association Floracopoly propose d\u00e9sormais des activit\u00e9s toute l'ann\u00e9e ! \n<\/h2>\t\t\t\t<\/div>\n\t\t\t\t<\/div>\n\t\t\t\t\t<\/div>\n\t\t\t\t<\/div>\n\t\t<div class=\"elementor-element elementor-element-fc93a6e e-grid e-con-boxed e-con e-parent\" data-id=\"fc93a6e\" data-element_type=\"container\" data-e-type=\"container\">\n\t\t\t\t\t<div class=\"e-con-inner\">\n\t\t\t\t<div class=\"elementor-element elementor-element-4456473 elementor-widget elementor-widget-eael-creative-button\" data-id=\"4456473\" data-element_type=\"widget\" data-e-type=\"widget\" data-widget_type=\"eael-creative-button.default\">\n\t\t\t\t<div class=\"elementor-widget-container\">\n\t\t\t\t\t        <div class=\"eael-creative-button-wrapper\">\n\n            <a class=\"eael-creative-button eael-creative-button--default\" href=\"https:\/\/floracopoly.fr\/wp-content\/uploads\/2026\/01\/Flyer-2026-PDF-pour-le-site-1.pdf\" data-text=\"Go!\">\n            \t    \n                <div class=\"creative-button-inner\">\n\n                                            <span class=\"eael-creative-button-icon-left\"><i aria-hidden=\"true\" class=\"fas fa-book-open\"><\/i><\/span>                    \n                    <span class=\"cretive-button-text\">T\u00e9l\u00e9charger le programme du festival ! <\/span>\n\n                                    <\/div>\n\t                        <\/a>\n        <\/div>\n        \t\t\t\t<\/div>\n\t\t\t\t<\/div>\n\t\t\t\t<div class=\"elementor-element elementor-element-b3b1f99 elementor-widget elementor-widget-eael-creative-button\" data-id=\"b3b1f99\" data-element_type=\"widget\" data-e-type=\"widget\" data-widget_type=\"eael-creative-button.default\">\n\t\t\t\t<div class=\"elementor-widget-container\">\n\t\t\t\t\t        <div class=\"eael-creative-button-wrapper\">\n\n            <a class=\"eael-creative-button eael-creative-button--default\" href=\"https:\/\/floracopoly.fr\/index.php\/animations-a-lannee\/\" data-text=\"Go!\">\n            \t    \n                <div class=\"creative-button-inner\">\n\n                                            <span class=\"eael-creative-button-icon-left\"><i aria-hidden=\"true\" class=\"far fa-calendar-alt\"><\/i><\/span>                    \n                    <span class=\"cretive-button-text\">D\u00e9couvrez le programme des animations \u00e0 l'ann\u00e9e<\/span>\n\n                                    <\/div>\n\t                        <\/a>\n        <\/div>\n        \t\t\t\t<\/div>\n\t\t\t\t<\/div>\n\t\t\t\t\t<\/div>\n\t\t\t\t<\/div>\n\t\t<div class=\"elementor-element elementor-element-5f962d3 e-grid e-con-boxed e-con e-parent\" data-id=\"5f962d3\" data-element_type=\"container\" data-e-type=\"container\">\n\t\t\t\t\t<div class=\"e-con-inner\">\n\t\t\t\t<div class=\"elementor-element elementor-element-b16ab4b elementor-widget elementor-widget-heading\" data-id=\"b16ab4b\" data-element_type=\"widget\" data-e-type=\"widget\" data-widget_type=\"heading.default\">\n\t\t\t\t<div class=\"elementor-widget-container\">\n\t\t\t\t\t<h1 class=\"elementor-heading-title elementor-size-default\">Soyez b\u00e9n\u00e9voles \u00e0 Floracopoly<\/h1>\t\t\t\t<\/div>\n\t\t\t\t<\/div>\n\t\t\t\t<div class=\"elementor-element elementor-element-db6f5b8 elementor-align-center elementor-widget elementor-widget-button\" data-id=\"db6f5b8\" data-element_type=\"widget\" data-e-type=\"widget\" data-widget_type=\"button.default\">\n\t\t\t\t<div class=\"elementor-widget-container\">\n\t\t\t\t\t\t\t\t\t<div class=\"elementor-button-wrapper\">\n\t\t\t\t\t<a class=\"elementor-button elementor-button-link elementor-size-sm\" href=\"https:\/\/docs.google.com\/spreadsheets\/d\/1vJ2xmB2_4K7pbUmC5rlnwFZUaKDz-0vqYSDTf3pY4wA\/edit?gid=0#gid=0\" target=\"_blank\">\n\t\t\t\t\t\t<span class=\"elementor-button-content-wrapper\">\n\t\t\t\t\t\t<span class=\"elementor-button-icon\">\n\t\t\t\t<i aria-hidden=\"true\" class=\"far fa-hand-point-right\"><\/i>\t\t\t<\/span>\n\t\t\t\t\t\t\t\t\t<span class=\"elementor-button-text\">Prenez un ou plusieurs cr\u00e9neaux !<\/span>\n\t\t\t\t\t<\/span>\n\t\t\t\t\t<\/a>\n\t\t\t\t<\/div>\n\t\t\t\t\t\t\t\t<\/div>\n\t\t\t\t<\/div>\n\t\t\t\t\t<\/div>\n\t\t\t\t<\/div>\n\t\t\t\t<\/div>\n\t\t","protected":false},"excerpt":{"rendered":"<p>LE FESTIVAL REVIENT DU SAMEDI 31 JANVIER AU DIMANCHE 1er FEVRIER 2026 !! Si tu veux faire partie de l&rsquo;\u00e9quipe organisatrice, contacte nous ! Il y a toujours de la place ! En attendant, l&rsquo;Association Floracopoly propose d\u00e9sormais des activit\u00e9s toute l&rsquo;ann\u00e9e ! T\u00e9l\u00e9charger le programme du festival ! D\u00e9couvrez le programme des animations \u00e0 [&hellip;]<\/p>\n","protected":false},"author":2,"featured_media":0,"parent":0,"menu_order":0,"comment_status":"closed","ping_status":"closed","template":"elementor_header_footer","meta":{"footnotes":""},"class_list":["post-8","page","type-page","status-publish","hentry","entry"],"_links":{"self":[{"href":"https:\/\/floracopoly.fr\/index.php\/wp-json\/wp\/v2\/pages\/8","targetHints":{"allow":["GET"]}}],"collection":[{"href":"https:\/\/floracopoly.fr\/index.php\/wp-json\/wp\/v2\/pages"}],"about":[{"href":"https:\/\/floracopoly.fr\/index.php\/wp-json\/wp\/v2\/types\/page"}],"author":[{"embeddable":true,"href":"https:\/\/floracopoly.fr\/index.php\/wp-json\/wp\/v2\/users\/2"}],"replies":[{"embeddable":true,"href":"https:\/\/floracopoly.fr\/index.php\/wp-json\/wp\/v2\/comments?post=8"}],"version-history":[{"count":130,"href":"https:\/\/floracopoly.fr\/index.php\/wp-json\/wp\/v2\/pages\/8\/revisions"}],"predecessor-version":[{"id":3600,"href":"https:\/\/floracopoly.fr\/index.php\/wp-json\/wp\/v2\/pages\/8\/revisions\/3600"}],"wp:attachment":[{"href":"https:\/\/floracopoly.fr\/index.php\/wp-json\/wp\/v2\/media?parent=8"}],"curies":[{"name":"wp","href":"https:\/\/api.w.org\/{rel}","templated":true}]}}